{"id":599,"date":"2022-01-21T12:28:54","date_gmt":"2022-01-21T12:28:54","guid":{"rendered":"https:\/\/preview.codeless.co\/bygge\/default\/?page_id=599"},"modified":"2024-06-25T07:14:50","modified_gmt":"2024-06-25T07:14:50","slug":"blog","status":"publish","type":"page","link":"https:\/\/ntg.com.vn\/en\/blog\/","title":{"rendered":"Blog"},"content":{"rendered":"<div data-elementor-type=\"wp-page\" data-elementor-id=\"599\" class=\"elementor elementor-599\">\n\t\t\t\t\t\t\t\t\t<section class=\"elementor-section elementor-top-section elementor-element elementor-element-e8f5660 elementor-section-boxed elementor-section-height-default elementor-section-height-default\" data-id=\"e8f5660\" data-element_type=\"section\">\n\t\t\t\t\t\t<div class=\"elementor-container elementor-column-gap-default\">\n\t\t\t\t\t<div class=\"elementor-column elementor-col-100 elementor-top-column elementor-element elementor-element-eaaa503\" data-id=\"eaaa503\" data-element_type=\"column\">\n\t\t\t<div class=\"elementor-widget-wrap elementor-element-populated\">\n\t\t\t\t\t\t\t\t<div class=\"elementor-element elementor-element-ae2b301 elementor-grid-3 elementor-grid-tablet-2 elementor-grid-mobile-1 elementor-posts--thumbnail-top elementor-widget elementor-widget-posts\" data-id=\"ae2b301\" data-element_type=\"widget\" data-settings=\"{&quot;classic_columns&quot;:&quot;3&quot;,&quot;classic_columns_tablet&quot;:&quot;2&quot;,&quot;classic_columns_mobile&quot;:&quot;1&quot;,&quot;classic_row_gap&quot;:{&quot;unit&quot;:&quot;px&quot;,&quot;size&quot;:35,&quot;sizes&quot;:[]},&quot;classic_row_gap_tablet&quot;:{&quot;unit&quot;:&quot;px&quot;,&quot;size&quot;:&quot;&quot;,&quot;sizes&quot;:[]},&quot;classic_row_gap_mobile&quot;:{&quot;unit&quot;:&quot;px&quot;,&quot;size&quot;:&quot;&quot;,&quot;sizes&quot;:[]}}\" data-widget_type=\"posts.classic\">\n\t\t\t\t<div class=\"elementor-widget-container\">\n\t\t\t<link rel=\"stylesheet\" href=\"https:\/\/ntg.com.vn\/wp-content\/plugins\/elementor-pro\/assets\/css\/widget-posts.min.css\">\t\t<div class=\"elementor-posts-container elementor-posts elementor-posts--skin-classic elementor-grid\">\n\t\t\t\t<article class=\"elementor-post elementor-grid-item post-4778 post type-post status-publish format-standard has-post-thumbnail hentry category-tin-tuc\">\n\t\t\t\t<a class=\"elementor-post__thumbnail__link\" href=\"https:\/\/ntg.com.vn\/en\/su-kien-ra-mat-nha-phan-phoi-hytera-tai-viet-nam\/\" >\n\t\t\t<div class=\"elementor-post__thumbnail\"><img loading=\"lazy\" decoding=\"async\" width=\"300\" height=\"200\" src=\"https:\/\/ntg.com.vn\/wp-content\/uploads\/2024\/06\/5c0861117548d6168f59-300x200.png\" class=\"attachment-medium size-medium wp-image-4781\" alt=\"\" srcset=\"https:\/\/ntg.com.vn\/wp-content\/uploads\/2024\/06\/5c0861117548d6168f59-300x200.png 300w, https:\/\/ntg.com.vn\/wp-content\/uploads\/2024\/06\/5c0861117548d6168f59-18x12.png 18w, https:\/\/ntg.com.vn\/wp-content\/uploads\/2024\/06\/5c0861117548d6168f59.png 600w\" sizes=\"auto, (max-width: 300px) 100vw, 300px\" \/><\/div>\n\t\t<\/a>\n\t\t\t\t<div class=\"elementor-post__text\">\n\t\t\t\t<h3 class=\"elementor-post__title\">\n\t\t\t<a href=\"https:\/\/ntg.com.vn\/en\/su-kien-ra-mat-nha-phan-phoi-hytera-tai-viet-nam\/\" >\n\t\t\t\tS\u1ef1 ki\u1ec7n ra m\u1eaft nh\u00e0 ph\u00e2n ph\u1ed1i Hytera t\u1ea1i Vi\u1ec7t Nam\t\t\t<\/a>\n\t\t<\/h3>\n\t\t\t\t<div class=\"elementor-post__meta-data\">\n\t\t\t\t\t<span class=\"elementor-post-date\">\n\t\t\tJune 25, 2024\t\t<\/span>\n\t\t\t\t<span class=\"elementor-post-avatar\">\n\t\t\tNo Comments\t\t<\/span>\n\t\t\t\t<\/div>\n\t\t\t\t<div class=\"elementor-post__excerpt\">\n\t\t\t<p>L\u1eddi c\u1ea3m \u01a1n \u0111\u1ebfn Qu\u00fd kh\u00e1ch h\u00e0ng \u0111\u00e3 tham gia S\u1ef1 ki\u1ec7n Ra m\u1eaft nh\u00e0 ph\u00e2n ph\u1ed1i b\u1ed9 \u0111\u00e0m Hytera t\u1ea1i Vi\u1ec7t Nam Ng\u00e0y 20 th\u00e1ng 6 v\u1eeba qua, NTG Vi\u1ec7t Nam \u0111\u00e3 k\u1ebft h\u1ee3p c\u00f9ng h\u00e3ng b\u1ed9 \u0111\u00e0m Hytera t\u1ed5 ch\u1ee9c s\u1ef1 ki\u1ec7n Ra m\u1eaft nh\u00e0 ph\u00e2n ph\u1ed1i b\u1ed9<\/p>\n\t\t<\/div>\n\t\t\n\t\t<a class=\"elementor-post__read-more\" href=\"https:\/\/ntg.com.vn\/en\/su-kien-ra-mat-nha-phan-phoi-hytera-tai-viet-nam\/\" >\n\t\t\tRead More \u00bb\t\t<\/a>\n\n\t\t\t\t<\/div>\n\t\t\t\t<\/article>\n\t\t\t\t<article class=\"elementor-post elementor-grid-item post-4091 post type-post status-publish format-standard has-post-thumbnail hentry category-tin-tuc\">\n\t\t\t\t<a class=\"elementor-post__thumbnail__link\" href=\"https:\/\/ntg.com.vn\/en\/4091-2\/\" >\n\t\t\t<div class=\"elementor-post__thumbnail\"><img loading=\"lazy\" decoding=\"async\" width=\"300\" height=\"200\" src=\"https:\/\/ntg.com.vn\/wp-content\/uploads\/2023\/06\/cac-tieu-chi-khi-lua-chon-man-hinh-tuong-tac-cho-giao-duc-ntg-300x200.jpg\" class=\"attachment-medium size-medium wp-image-4095\" alt=\"cac-tieu-chi-khi-lua-chon-man-hinh-tuong-tac-cho-giao-duc\" srcset=\"https:\/\/ntg.com.vn\/wp-content\/uploads\/2023\/06\/cac-tieu-chi-khi-lua-chon-man-hinh-tuong-tac-cho-giao-duc-ntg-300x200.jpg 300w, https:\/\/ntg.com.vn\/wp-content\/uploads\/2023\/06\/cac-tieu-chi-khi-lua-chon-man-hinh-tuong-tac-cho-giao-duc-ntg-18x12.jpg 18w, https:\/\/ntg.com.vn\/wp-content\/uploads\/2023\/06\/cac-tieu-chi-khi-lua-chon-man-hinh-tuong-tac-cho-giao-duc-ntg.jpg 600w\" sizes=\"auto, (max-width: 300px) 100vw, 300px\" \/><\/div>\n\t\t<\/a>\n\t\t\t\t<div class=\"elementor-post__text\">\n\t\t\t\t<h3 class=\"elementor-post__title\">\n\t\t\t<a href=\"https:\/\/ntg.com.vn\/en\/4091-2\/\" >\n\t\t\t\tC\u00e1c ti\u00eau ch\u00ed khi l\u1ef1a ch\u1ecdn M\u00e0n h\u00ecnh t\u01b0\u01a1ng t\u00e1c cho gi\u00e1o d\u1ee5c\u00a0\t\t\t<\/a>\n\t\t<\/h3>\n\t\t\t\t<div class=\"elementor-post__meta-data\">\n\t\t\t\t\t<span class=\"elementor-post-date\">\n\t\t\tJune 15, 2023\t\t<\/span>\n\t\t\t\t<span class=\"elementor-post-avatar\">\n\t\t\tNo Comments\t\t<\/span>\n\t\t\t\t<\/div>\n\t\t\t\t<div class=\"elementor-post__excerpt\">\n\t\t\t<p>C\u00e1c ti\u00eau ch\u00ed khi l\u1ef1a ch\u1ecdn M\u00e0n h\u00ecnh t\u01b0\u01a1ng t\u00e1c cho gi\u00e1o d\u1ee5c\u00a0 M\u00e0n h\u00ecnh t\u01b0\u01a1ng t\u00e1c&nbsp;cho gi\u00e1o d\u1ee5c l\u00e0 m\u1ed9t lo\u1ea1i m\u00e0n h\u00ecnh \u0111\u01b0\u1ee3c thi\u1ebft k\u1ebf \u0111\u1ec3 s\u1eed d\u1ee5ng trong m\u00f4i tr\u01b0\u1eddng gi\u00e1o d\u1ee5c, t\u1ea1i c\u00e1c l\u1edbp h\u1ecdc, ph\u00f2ng h\u1ecdp gi\u00e1o vi\u00ean. Gi\u00e1o vi\u00ean v\u00e0 h\u1ecdc sinh s\u1eed d\u1ee5ng<\/p>\n\t\t<\/div>\n\t\t\n\t\t<a class=\"elementor-post__read-more\" href=\"https:\/\/ntg.com.vn\/en\/4091-2\/\" >\n\t\t\tRead More \u00bb\t\t<\/a>\n\n\t\t\t\t<\/div>\n\t\t\t\t<\/article>\n\t\t\t\t<article class=\"elementor-post elementor-grid-item post-4070 post type-post status-publish format-standard has-post-thumbnail hentry category-tin-tuc\">\n\t\t\t\t<a class=\"elementor-post__thumbnail__link\" href=\"https:\/\/ntg.com.vn\/en\/ntg-viet-nam-tham-gia-trien-lam-vietnam-ictcomm-2023\/\" >\n\t\t\t<div class=\"elementor-post__thumbnail\"><img loading=\"lazy\" decoding=\"async\" width=\"300\" height=\"200\" src=\"https:\/\/ntg.com.vn\/wp-content\/uploads\/2023\/06\/anh-ictcomm-300x200.png\" class=\"attachment-medium size-medium wp-image-4082\" alt=\"\" srcset=\"https:\/\/ntg.com.vn\/wp-content\/uploads\/2023\/06\/anh-ictcomm-300x200.png 300w, https:\/\/ntg.com.vn\/wp-content\/uploads\/2023\/06\/anh-ictcomm-18x12.png 18w, https:\/\/ntg.com.vn\/wp-content\/uploads\/2023\/06\/anh-ictcomm.png 600w\" sizes=\"auto, (max-width: 300px) 100vw, 300px\" \/><\/div>\n\t\t<\/a>\n\t\t\t\t<div class=\"elementor-post__text\">\n\t\t\t\t<h3 class=\"elementor-post__title\">\n\t\t\t<a href=\"https:\/\/ntg.com.vn\/en\/ntg-viet-nam-tham-gia-trien-lam-vietnam-ictcomm-2023\/\" >\n\t\t\t\tNTG Vi\u1ec7t Nam tham gia tri\u1ec3n l\u00e3m VIETNAM ICTCOMM 2023\t\t\t<\/a>\n\t\t<\/h3>\n\t\t\t\t<div class=\"elementor-post__meta-data\">\n\t\t\t\t\t<span class=\"elementor-post-date\">\n\t\t\tJune 9, 2023\t\t<\/span>\n\t\t\t\t<span class=\"elementor-post-avatar\">\n\t\t\tNo Comments\t\t<\/span>\n\t\t\t\t<\/div>\n\t\t\t\t<div class=\"elementor-post__excerpt\">\n\t\t\t<p>Tri\u1ec3n l\u00e3m Vi\u1ec7t Nam ICTCOMM&nbsp;&#8211; \u201cTri\u1ec3n l\u00e3m qu\u1ed1c t\u1ebf v\u1ec1 s\u1ea3n ph\u1ea9m, d\u1ecbch v\u1ee5 vi\u1ec5n th\u00f4ng, c\u00f4ng ngh\u1ec7 th\u00f4ng tin v\u00e0 truy\u1ec1n th\u00f4ng\u201d, l\u00e0 s\u1ef1 ki\u1ec7n th\u01b0\u1eddng ni\u00ean \u0111\u01b0\u1ee3c \u0111\u00f3n ch\u1edd nh\u1ea5t trong n\u0103m v\u1ec1 ng\u00e0nh c\u00f4ng ngh\u1ec7 th\u00f4ng tin &#8211; Vietnam ICT COMM. \u0110\u00e2y l\u00e0 n\u01a1i c\u00e1c Doanh nghi\u1ec7p<\/p>\n\t\t<\/div>\n\t\t\n\t\t<a class=\"elementor-post__read-more\" href=\"https:\/\/ntg.com.vn\/en\/ntg-viet-nam-tham-gia-trien-lam-vietnam-ictcomm-2023\/\" >\n\t\t\tRead More \u00bb\t\t<\/a>\n\n\t\t\t\t<\/div>\n\t\t\t\t<\/article>\n\t\t\t\t<article class=\"elementor-post elementor-grid-item post-4057 post type-post status-publish format-standard has-post-thumbnail hentry category-tin-tuc\">\n\t\t\t\t<a class=\"elementor-post__thumbnail__link\" href=\"https:\/\/ntg.com.vn\/en\/bo-dam-hytera-poc-cho-cac-su-kien-lon\/\" >\n\t\t\t<div class=\"elementor-post__thumbnail\"><img loading=\"lazy\" decoding=\"async\" width=\"300\" height=\"200\" src=\"https:\/\/ntg.com.vn\/wp-content\/uploads\/2023\/04\/bo-dam-hytera-poc-cho-cac-su-kien-lon-anh-0-300x200.png\" class=\"attachment-medium size-medium wp-image-4059\" alt=\"\" srcset=\"https:\/\/ntg.com.vn\/wp-content\/uploads\/2023\/04\/bo-dam-hytera-poc-cho-cac-su-kien-lon-anh-0-300x200.png 300w, https:\/\/ntg.com.vn\/wp-content\/uploads\/2023\/04\/bo-dam-hytera-poc-cho-cac-su-kien-lon-anh-0-18x12.png 18w, https:\/\/ntg.com.vn\/wp-content\/uploads\/2023\/04\/bo-dam-hytera-poc-cho-cac-su-kien-lon-anh-0.png 600w\" sizes=\"auto, (max-width: 300px) 100vw, 300px\" \/><\/div>\n\t\t<\/a>\n\t\t\t\t<div class=\"elementor-post__text\">\n\t\t\t\t<h3 class=\"elementor-post__title\">\n\t\t\t<a href=\"https:\/\/ntg.com.vn\/en\/bo-dam-hytera-poc-cho-cac-su-kien-lon\/\" >\n\t\t\t\tB\u1ed9 \u0111\u00e0m Hytera PoC cho c\u00e1c s\u1ef1 ki\u1ec7n l\u1edbn\t\t\t<\/a>\n\t\t<\/h3>\n\t\t\t\t<div class=\"elementor-post__meta-data\">\n\t\t\t\t\t<span class=\"elementor-post-date\">\n\t\t\tApril 26, 2023\t\t<\/span>\n\t\t\t\t<span class=\"elementor-post-avatar\">\n\t\t\tNo Comments\t\t<\/span>\n\t\t\t\t<\/div>\n\t\t\t\t<div class=\"elementor-post__excerpt\">\n\t\t\t<p>B\u1ed9 \u0111\u00e0m PoC&nbsp;(Push-to-Talk over Cellular) ng\u00e0y c\u00e0ng tr\u1edf n\u00ean ph\u1ed5 bi\u1ebfn \u0111\u1ed1i v\u1edbi c\u00e1c s\u1ef1 ki\u1ec7n l\u1edbn, n\u01a1i c\u1ea7n c\u00f3 kh\u1ea3 n\u0103ng li\u00ean l\u1ea1c \u0111\u00e1ng tin c\u1eady v\u00e0 hi\u1ec7u qu\u1ea3. C\u00e1c b\u1ed9 \u0111\u00e0m n\u00e0y ho\u1ea1t \u0111\u1ed9ng tr\u00ean m\u1ea1ng di \u0111\u1ed9ng, cung c\u1ea5p v\u00f9ng ph\u1ee7 s\u00f3ng r\u1ed9ng v\u00e0 lo\u1ea1i b\u1ecf nhu<\/p>\n\t\t<\/div>\n\t\t\n\t\t<a class=\"elementor-post__read-more\" href=\"https:\/\/ntg.com.vn\/en\/bo-dam-hytera-poc-cho-cac-su-kien-lon\/\" >\n\t\t\tRead More \u00bb\t\t<\/a>\n\n\t\t\t\t<\/div>\n\t\t\t\t<\/article>\n\t\t\t\t<article class=\"elementor-post elementor-grid-item post-4049 post type-post status-publish format-standard has-post-thumbnail hentry category-tin-tuc\">\n\t\t\t\t<a class=\"elementor-post__thumbnail__link\" href=\"https:\/\/ntg.com.vn\/en\/5-xu-huong-cua-he-thong-lien-lac-noi-bo-hang-dau-nam-2023\/\" >\n\t\t\t<div class=\"elementor-post__thumbnail\"><img loading=\"lazy\" decoding=\"async\" width=\"300\" height=\"200\" src=\"https:\/\/ntg.com.vn\/wp-content\/uploads\/2023\/04\/5-xu-huong-cua-he-thong-lien-lac-noi-bo-hang-dau-nam-2023-anh-0-300x200.png\" class=\"attachment-medium size-medium wp-image-4050\" alt=\"\" srcset=\"https:\/\/ntg.com.vn\/wp-content\/uploads\/2023\/04\/5-xu-huong-cua-he-thong-lien-lac-noi-bo-hang-dau-nam-2023-anh-0-300x200.png 300w, https:\/\/ntg.com.vn\/wp-content\/uploads\/2023\/04\/5-xu-huong-cua-he-thong-lien-lac-noi-bo-hang-dau-nam-2023-anh-0-18x12.png 18w, https:\/\/ntg.com.vn\/wp-content\/uploads\/2023\/04\/5-xu-huong-cua-he-thong-lien-lac-noi-bo-hang-dau-nam-2023-anh-0.png 600w\" sizes=\"auto, (max-width: 300px) 100vw, 300px\" \/><\/div>\n\t\t<\/a>\n\t\t\t\t<div class=\"elementor-post__text\">\n\t\t\t\t<h3 class=\"elementor-post__title\">\n\t\t\t<a href=\"https:\/\/ntg.com.vn\/en\/5-xu-huong-cua-he-thong-lien-lac-noi-bo-hang-dau-nam-2023\/\" >\n\t\t\t\t5 xu h\u01b0\u1edbng c\u1ee7a h\u1ec7 th\u1ed1ng li\u00ean l\u1ea1c n\u1ed9i b\u1ed9 h\u00e0ng \u0111\u1ea7u n\u0103m 2023\t\t\t<\/a>\n\t\t<\/h3>\n\t\t\t\t<div class=\"elementor-post__meta-data\">\n\t\t\t\t\t<span class=\"elementor-post-date\">\n\t\t\tApril 21, 2023\t\t<\/span>\n\t\t\t\t<span class=\"elementor-post-avatar\">\n\t\t\tNo Comments\t\t<\/span>\n\t\t\t\t<\/div>\n\t\t\t\t<div class=\"elementor-post__excerpt\">\n\t\t\t<p>H\u1ec7 th\u1ed1ng li\u00ean l\u1ea1c n\u1ed9i b\u1ed9&nbsp;hay&nbsp;h\u1ec7 th\u1ed1ng intercom&nbsp;\u0111\u00e3 \u0111i \u0111\u01b0\u1ee3c m\u1ed9t ch\u1eb7ng \u0111\u01b0\u1eddng d\u00e0i k\u1ec3 t\u1eeb khi xu\u1ea5t hi\u1ec7n. Ch\u00fang \u0111\u00e3 ph\u00e1t tri\u1ec3n t\u1eeb c\u00e1c h\u1ec7 th\u1ed1ng li\u00ean l\u1ea1c n\u1ed9i b\u1ed9 c\u01a1 b\u1ea3n ch\u1ec9 c\u00f3 th\u1ec3 \u0111\u01b0\u1ee3c s\u1eed d\u1ee5ng \u0111\u1ec3 li\u00ean l\u1ea1c trong m\u1ed9t t\u00f2a nh\u00e0, \u0111\u1ebfn c\u00e1c h\u1ec7 th\u1ed1ng<\/p>\n\t\t<\/div>\n\t\t\n\t\t<a class=\"elementor-post__read-more\" href=\"https:\/\/ntg.com.vn\/en\/5-xu-huong-cua-he-thong-lien-lac-noi-bo-hang-dau-nam-2023\/\" >\n\t\t\tRead More \u00bb\t\t<\/a>\n\n\t\t\t\t<\/div>\n\t\t\t\t<\/article>\n\t\t\t\t<article class=\"elementor-post elementor-grid-item post-4038 post type-post status-publish format-standard has-post-thumbnail hentry category-tin-tuc\">\n\t\t\t\t<a class=\"elementor-post__thumbnail__link\" href=\"https:\/\/ntg.com.vn\/en\/man-hinh-chuong-cua-akuvox-s567-man-hinh-chuong-cua-thong-minh-moi-nhat-cua-akuvox\/\" >\n\t\t\t<div class=\"elementor-post__thumbnail\"><img loading=\"lazy\" decoding=\"async\" width=\"300\" height=\"200\" src=\"https:\/\/ntg.com.vn\/wp-content\/uploads\/2023\/04\/man-hinh-chuong-cua-akuvox-s567-man-hinh-chuong-cua-thong-minh-moi-nhat-cua-akuvox-anh-0-300x200.png\" class=\"attachment-medium size-medium wp-image-4068\" alt=\"\" srcset=\"https:\/\/ntg.com.vn\/wp-content\/uploads\/2023\/04\/man-hinh-chuong-cua-akuvox-s567-man-hinh-chuong-cua-thong-minh-moi-nhat-cua-akuvox-anh-0-300x200.png 300w, https:\/\/ntg.com.vn\/wp-content\/uploads\/2023\/04\/man-hinh-chuong-cua-akuvox-s567-man-hinh-chuong-cua-thong-minh-moi-nhat-cua-akuvox-anh-0-18x12.png 18w, https:\/\/ntg.com.vn\/wp-content\/uploads\/2023\/04\/man-hinh-chuong-cua-akuvox-s567-man-hinh-chuong-cua-thong-minh-moi-nhat-cua-akuvox-anh-0.png 600w\" sizes=\"auto, (max-width: 300px) 100vw, 300px\" \/><\/div>\n\t\t<\/a>\n\t\t\t\t<div class=\"elementor-post__text\">\n\t\t\t\t<h3 class=\"elementor-post__title\">\n\t\t\t<a href=\"https:\/\/ntg.com.vn\/en\/man-hinh-chuong-cua-akuvox-s567-man-hinh-chuong-cua-thong-minh-moi-nhat-cua-akuvox\/\" >\n\t\t\t\tM\u00e0n h\u00ecnh chu\u00f4ng c\u1eeda Akuvox S567 &#8211; M\u00e0n h\u00ecnh chu\u00f4ng c\u1eeda th\u00f4ng minh m\u1edbi nh\u1ea5t c\u1ee7a Akuvox\t\t\t<\/a>\n\t\t<\/h3>\n\t\t\t\t<div class=\"elementor-post__meta-data\">\n\t\t\t\t\t<span class=\"elementor-post-date\">\n\t\t\tApril 1, 2023\t\t<\/span>\n\t\t\t\t<span class=\"elementor-post-avatar\">\n\t\t\tNo Comments\t\t<\/span>\n\t\t\t\t<\/div>\n\t\t\t\t<div class=\"elementor-post__excerpt\">\n\t\t\t<p>M\u00e0n h\u00ecnh chu\u00f4ng c\u1eeda Akuvox S567&nbsp;l\u00e0 s\u1ea3n ph\u1ea9m m\u1edbi nh\u1ea5t c\u1ee7a d\u00f2ng m\u00e0n h\u00ecnh chu\u00f4ng c\u1eeda th\u00f4ng minh m\u1edbi \u0111\u01b0\u1ee3c Akuvox ra m\u1eaft g\u1ea7n \u0111\u00e2y. Ti\u1ebfp n\u1ed1i c\u00e1c m\u1eabu s\u1ea3n ph\u1ea9m tr\u01b0\u1edbc \u0111\u00f3 v\u00e0 c\u00f3 s\u1ef1 thay \u0111\u1ed5i \u0111\u00e1ng k\u1ec3 \u1edf v\u1ebb b\u1ec1 ngo\u00e0i,&nbsp;Akuvox S567&nbsp;l\u00e0 m\u00e0n h\u00ecnh c\u00f3 k\u00edch c\u1ee1<\/p>\n\t\t<\/div>\n\t\t\n\t\t<a class=\"elementor-post__read-more\" href=\"https:\/\/ntg.com.vn\/en\/man-hinh-chuong-cua-akuvox-s567-man-hinh-chuong-cua-thong-minh-moi-nhat-cua-akuvox\/\" >\n\t\t\tRead More \u00bb\t\t<\/a>\n\n\t\t\t\t<\/div>\n\t\t\t\t<\/article>\n\t\t\t\t<\/div>\n\t\t\n\t\t\t\t<\/div>\n\t\t\t\t<\/div>\n\t\t\t\t\t<\/div>\n\t\t<\/div>\n\t\t\t\t\t\t\t<\/div>\n\t\t<\/section>\n\t\t\t\t<section class=\"elementor-section elementor-top-section elementor-element elementor-element-52a6f2e elementor-section-boxed elementor-section-height-default elementor-section-height-default\" data-id=\"52a6f2e\" data-element_type=\"section\">\n\t\t\t\t\t\t<div class=\"elementor-container elementor-column-gap-default\">\n\t\t\t\t\t<div class=\"elementor-column elementor-col-100 elementor-top-column elementor-element elementor-element-904b040\" data-id=\"904b040\" data-element_type=\"column\">\n\t\t\t<div class=\"elementor-widget-wrap elementor-element-populated\">\n\t\t\t\t\t\t\t\t\t<\/div>\n\t\t<\/div>\n\t\t\t\t\t\t\t<\/div>\n\t\t<\/section>\n\t\t\t\t\t\t\t<\/div>","protected":false},"excerpt":{"rendered":"","protected":false},"author":1,"featured_media":1620,"parent":0,"menu_order":0,"comment_status":"closed","ping_status":"closed","template":"","meta":{"_acf_changed":false,"footnotes":""},"class_list":["post-599","page","type-page","status-publish","has-post-thumbnail","hentry"],"acf":[],"_links":{"self":[{"href":"https:\/\/ntg.com.vn\/en\/wp-json\/wp\/v2\/pages\/599","targetHints":{"allow":["GET"]}}],"collection":[{"href":"https:\/\/ntg.com.vn\/en\/wp-json\/wp\/v2\/pages"}],"about":[{"href":"https:\/\/ntg.com.vn\/en\/wp-json\/wp\/v2\/types\/page"}],"author":[{"embeddable":true,"href":"https:\/\/ntg.com.vn\/en\/wp-json\/wp\/v2\/users\/1"}],"replies":[{"embeddable":true,"href":"https:\/\/ntg.com.vn\/en\/wp-json\/wp\/v2\/comments?post=599"}],"version-history":[{"count":3,"href":"https:\/\/ntg.com.vn\/en\/wp-json\/wp\/v2\/pages\/599\/revisions"}],"predecessor-version":[{"id":4818,"href":"https:\/\/ntg.com.vn\/en\/wp-json\/wp\/v2\/pages\/599\/revisions\/4818"}],"wp:featuredmedia":[{"embeddable":true,"href":"https:\/\/ntg.com.vn\/en\/wp-json\/wp\/v2\/media\/1620"}],"wp:attachment":[{"href":"https:\/\/ntg.com.vn\/en\/wp-json\/wp\/v2\/media?parent=599"}],"curies":[{"name":"wp","href":"https:\/\/api.w.org\/{rel}","templated":true}]}}